{"id":2686,"date":"2024-04-18T11:39:41","date_gmt":"2024-04-18T09:39:41","guid":{"rendered":"https:\/\/brunnenkant.de\/?page_id=2686"},"modified":"2024-04-18T14:04:55","modified_gmt":"2024-04-18T12:04:55","slug":"duales-studium","status":"publish","type":"page","link":"https:\/\/brunnenkant.de\/en\/duales-studium\/","title":{"rendered":"Offene Stellen &#8211; Duales Studium"},"content":{"rendered":"<div data-elementor-type=\"wp-page\" data-elementor-id=\"2686\" class=\"elementor elementor-2686\">\n\t\t\t\t\t\t<section class=\"elementor-section elementor-top-section elementor-element elementor-element-cb9f051 elementor-section-boxed elementor-section-height-default elementor-section-height-default\" data-id=\"cb9f051\" data-element_type=\"section\" data-e-type=\"section\" data-settings=\"{&quot;background_background&quot;:&quot;classic&quot;}\">\n\t\t\t\t\t\t<div class=\"elementor-container elementor-column-gap-default\">\n\t\t\t\t\t<div class=\"elementor-column elementor-col-100 elementor-top-column elementor-element elementor-element-9f7975a\" data-id=\"9f7975a\" data-element_type=\"column\" data-e-type=\"column\">\n\t\t\t<div class=\"elementor-widget-wrap elementor-element-populated\">\n\t\t\t\t\t\t\t<\/div>\n\t\t<\/div>\n\t\t\t\t\t<\/div>\n\t\t<\/section>\n\t\t\t\t<section class=\"elementor-section elementor-top-section elementor-element elementor-element-201e7ba elementor-section-full_width elementor-section-height-default elementor-section-height-default\" data-id=\"201e7ba\" data-element_type=\"section\" data-e-type=\"section\" id=\"#Karriere\" data-settings=\"{&quot;background_background&quot;:&quot;classic&quot;}\">\n\t\t\t\t\t\t<div class=\"elementor-container elementor-column-gap-default\">\n\t\t\t\t\t<div class=\"elementor-column elementor-col-100 elementor-top-column elementor-element elementor-element-5155a3f\" data-id=\"5155a3f\" data-element_type=\"column\" data-e-type=\"column\">\n\t\t\t<div class=\"elementor-widget-wrap elementor-element-populated\">\n\t\t\t\t\t\t<section class=\"elementor-section elementor-inner-section elementor-element elementor-element-fb3b7e7 elementor-section-boxed elementor-section-height-default elementor-section-height-default\" data-id=\"fb3b7e7\" data-element_type=\"section\" data-e-type=\"section\">\n\t\t\t\t\t\t<div class=\"elementor-container elementor-column-gap-default\">\n\t\t\t\t\t<div class=\"elementor-column elementor-col-50 elementor-inner-column elementor-element elementor-element-a83671b\" data-id=\"a83671b\" data-element_type=\"column\" data-e-type=\"column\">\n\t\t\t<div class=\"elementor-widget-wrap elementor-element-populated\">\n\t\t\t\t\t\t<div class=\"elementor-element elementor-element-f275e85 elementor-widget elementor-widget-heading\" data-id=\"f275e85\" data-element_type=\"widget\" data-e-type=\"widget\" data-widget_type=\"heading.default\">\n\t\t\t\t<div class=\"elementor-widget-container\">\n\t\t\t\t\t<h4 class=\"elementor-heading-title elementor-size-default\">Wir bieten...<\/h4>\t\t\t\t<\/div>\n\t\t\t\t<\/div>\n\t\t\t\t\t<\/div>\n\t\t<\/div>\n\t\t\t\t<div class=\"elementor-column elementor-col-50 elementor-inner-column elementor-element elementor-element-2d22159\" data-id=\"2d22159\" data-element_type=\"column\" data-e-type=\"column\">\n\t\t\t<div class=\"elementor-widget-wrap elementor-element-populated\">\n\t\t\t\t\t\t<div class=\"elementor-element elementor-element-837ad2c elementor-widget elementor-widget-text-editor\" data-id=\"837ad2c\" data-element_type=\"widget\" data-e-type=\"widget\" data-widget_type=\"text-editor.default\">\n\t\t\t\t<div class=\"elementor-widget-container\">\n\t\t\t\t\t\t\t\t\t<p>1962 begann unsere Erfolgsgeschichte und dauert seither durch st\u00e4ndige Weiterentwicklung an \u2013 mittlerweile in der 3. Generation. Wir denken und arbeiten interdisziplin\u00e4r.<\/p><p>Wir bieten Dir ein:<\/p><p><b>Duales Studium K\u00e4ltesystemtechnik (B.A.)<\/b><\/p>\t\t\t\t\t\t\t\t<\/div>\n\t\t\t\t<\/div>\n\t\t\t\t\t<\/div>\n\t\t<\/div>\n\t\t\t\t\t<\/div>\n\t\t<\/section>\n\t\t\t\t\t<\/div>\n\t\t<\/div>\n\t\t\t\t\t<\/div>\n\t\t<\/section>\n\t\t\t\t<section class=\"elementor-section elementor-top-section elementor-element elementor-element-0903f26 elementor-section-boxed elementor-section-height-default elementor-section-height-default\" data-id=\"0903f26\" data-element_type=\"section\" data-e-type=\"section\" data-settings=\"{&quot;background_background&quot;:&quot;classic&quot;}\">\n\t\t\t\t\t\t<div class=\"elementor-container elementor-column-gap-default\">\n\t\t\t\t\t<div class=\"elementor-column elementor-col-100 elementor-top-column elementor-element elementor-element-5749b5c\" data-id=\"5749b5c\" data-element_type=\"column\" data-e-type=\"column\">\n\t\t\t<div class=\"elementor-widget-wrap elementor-element-populated\">\n\t\t\t\t\t\t<div class=\"elementor-element elementor-element-a579da5 elementor-widget elementor-widget-menu-anchor\" data-id=\"a579da5\" data-element_type=\"widget\" data-e-type=\"widget\" data-widget_type=\"menu-anchor.default\">\n\t\t\t\t<div class=\"elementor-widget-container\">\n\t\t\t\t\t\t\t<div class=\"elementor-menu-anchor\" id=\"architekt\"><\/div>\n\t\t\t\t\t\t<\/div>\n\t\t\t\t<\/div>\n\t\t\t\t\t<\/div>\n\t\t<\/div>\n\t\t\t\t\t<\/div>\n\t\t<\/section>\n\t\t\t\t<section class=\"elementor-section elementor-top-section elementor-element elementor-element-dbc48ea elementor-section-full_width elementor-section-height-default elementor-section-height-default\" data-id=\"dbc48ea\" data-element_type=\"section\" data-e-type=\"section\" data-settings=\"{&quot;background_background&quot;:&quot;classic&quot;}\">\n\t\t\t\t\t\t<div class=\"elementor-container elementor-column-gap-default\">\n\t\t\t\t\t<div class=\"elementor-column elementor-col-100 elementor-top-column elementor-element elementor-element-21ee3aa\" data-id=\"21ee3aa\" data-element_type=\"column\" data-e-type=\"column\">\n\t\t\t<div class=\"elementor-widget-wrap elementor-element-populated\">\n\t\t\t\t\t\t<section class=\"elementor-section elementor-inner-section elementor-element elementor-element-3c06311 elementor-section-boxed elementor-section-height-default elementor-section-height-default\" data-id=\"3c06311\" data-element_type=\"section\" data-e-type=\"section\">\n\t\t\t\t\t\t<div class=\"elementor-container elementor-column-gap-default\">\n\t\t\t\t\t<div class=\"elementor-column elementor-col-50 elementor-inner-column elementor-element elementor-element-ecf9aca\" data-id=\"ecf9aca\" data-element_type=\"column\" data-e-type=\"column\">\n\t\t\t<div class=\"elementor-widget-wrap elementor-element-populated\">\n\t\t\t\t\t\t<div class=\"elementor-element elementor-element-d37dd38 elementor-widget elementor-widget-heading\" data-id=\"d37dd38\" data-element_type=\"widget\" data-e-type=\"widget\" data-widget_type=\"heading.default\">\n\t\t\t\t<div class=\"elementor-widget-container\">\n\t\t\t\t\t<h4 class=\"elementor-heading-title elementor-size-default\">Duales StuDium in Kooperation mit der ESak <\/h4>\t\t\t\t<\/div>\n\t\t\t\t<\/div>\n\t\t\t\t\t<\/div>\n\t\t<\/div>\n\t\t\t\t<div class=\"elementor-column elementor-col-50 elementor-inner-column elementor-element elementor-element-ab3a0a8\" data-id=\"ab3a0a8\" data-element_type=\"column\" data-e-type=\"column\">\n\t\t\t<div class=\"elementor-widget-wrap elementor-element-populated\">\n\t\t\t\t\t\t<div class=\"elementor-element elementor-element-0d194e5 elementor-widget elementor-widget-text-editor\" data-id=\"0d194e5\" data-element_type=\"widget\" data-e-type=\"widget\" data-widget_type=\"text-editor.default\">\n\t\t\t\t<div class=\"elementor-widget-container\">\n\t\t\t\t\t\t\t\t\t<p><strong style=\"font-size: 16px;\">Duales Studium K\u00e4ltesystemtechnik (B.A.)<\/strong><\/p><p>\u00a0<\/p><p>in Kooperation mit der Europ\u00e4ischen Studienakademie K\u00e4lte-Klima-L\u00fcftung ESaK an.<\/p><p>\u00a0<\/p><p>Wir suchen leidenschaftliche angehende Ingenieurinnen und Ingenieure, die gemeinsam mit uns die Zukunft der K\u00e4ltetechnik gestalten wollen.<\/p><p><span style=\"font-size: 16px;\">Wir beim Ingenieurb\u00fcro Brunnenkant planen seit Generationen Anlagen und Geb\u00e4ude, welche auf die neusten Herausforderungen von temperaturgef\u00fchrten Prozessen in der Pharma- und Lebensmittelindustrie zugeschnitten sind. Zu den h\u00e4ufigsten Planungsobjekten geh\u00f6ren (Tief)k\u00fchl- und Kryolager in Logistikzentren.<\/span><\/p><p>\u00a0<\/p><p><strong>Dein Profil:<\/strong><\/p><ul><li>Abitur, Fachabitur oder abgeschlossene Techniker- oder Meisterausbildung<\/li><li>Technisches Verst\u00e4ndnis, Interesse an der Mathematik und Physik<\/li><li>Eigeninitiative, Verantwortungsbereitschaft und Zielstrebigkeit<\/li><li>Strukturierte und eigenst\u00e4ndige Arbeitsweise<\/li><li>Teamf\u00e4higkeit, Kontaktfreude, Kundenorientierung<\/li><\/ul><p><strong>\u00a0<\/strong><strong style=\"font-size: 16px;\">Die Hochschule:<\/strong><\/p><ul><li>ESaK in Maintal (Hessen) (www.esak.de)<\/li><li>Abschluss: Bachelor of Science<\/li><li>Dauer: 6 Semester (3-monatiger Wechsel von Theorie und Praxis)<\/li><li>Studienbeginn: Immer ab Oktober (zum Wintersemester)<\/li><\/ul><p><strong>Was wir Dir bieten k\u00f6nnen:<\/strong><\/p><p>Du kannst Dich in einer spannenden Nische der Planungsbranche verwirklichen und an attraktiven Kundenprojekten aus der Pharma- und Lebensmittel Industrie arbeiten.<\/p><p>\u00a0<\/p><ul><li>Anspruchsvolle Aufgaben und abwechslungsreiche Projekte<\/li><li>Entwicklungsm\u00f6glichkeiten nach pers\u00f6nlichen Interessen und Bed\u00fcrfnissen<\/li><li>Pers\u00f6nliche Unterst\u00fctzung und kontinuierliche Betreuung<\/li><li>Famili\u00e4res Arbeitsumfeld in einem unterst\u00fctzenden Team<\/li><li>\u00dcbernahme von Studiengeb\u00fchren sowie eine leistungsgerechte Verg\u00fctung<\/li><\/ul><p><strong>Interesse geweckt?<\/strong><\/p><p>Dann freuen wir uns auf Deine aussagekr\u00e4ftige Bewerbung per E-Mail an:<\/p><p><a href=\"mailto:bewerbung@brunnenkant.de\"><strong>bewerbung@brunnenkant.de<\/strong><\/a>.<\/p>\t\t\t\t\t\t\t\t<\/div>\n\t\t\t\t<\/div>\n\t\t\t\t<div class=\"elementor-element elementor-element-b7657a3 elementor-widget elementor-widget-button\" data-id=\"b7657a3\" data-element_type=\"widget\" data-e-type=\"widget\" data-widget_type=\"button.default\">\n\t\t\t\t<div class=\"elementor-widget-container\">\n\t\t\t\t\t\t\t\t\t<div class=\"elementor-button-wrapper\">\n\t\t\t\t\t<a class=\"elementor-button elementor-button-link elementor-size-sm\" href=\"mailto:bewerbung@brunnenkant.de?subject=Bewerbung%20duales%20Studium\">\n\t\t\t\t\t\t<span class=\"elementor-button-content-wrapper\">\n\t\t\t\t\t\t\t\t\t<span class=\"elementor-button-text\">Jetzt bewerben<\/span>\n\t\t\t\t\t<\/span>\n\t\t\t\t\t<\/a>\n\t\t\t\t<\/div>\n\t\t\t\t\t\t\t\t<\/div>\n\t\t\t\t<\/div>\n\t\t\t\t\t<\/div>\n\t\t<\/div>\n\t\t\t\t\t<\/div>\n\t\t<\/section>\n\t\t\t\t\t<\/div>\n\t\t<\/div>\n\t\t\t\t\t<\/div>\n\t\t<\/section>\n\t\t\t\t<\/div>","protected":false},"excerpt":{"rendered":"<p>Wir bieten&#8230; 1962 begann unsere Erfolgsgeschichte und dauert seither durch st\u00e4ndige Weiterentwicklung an \u2013 mittlerweile in der 3. Generation. Wir denken und arbeiten interdisziplin\u00e4r. Wir bieten Dir ein: Duales Studium K\u00e4ltesystemtechnik (B.A.) Duales StuDium in Kooperation mit der ESak Duales Studium K\u00e4ltesystemtechnik (B.A.) \u00a0 in Kooperation mit der Europ\u00e4ischen Studienakademie K\u00e4lte-Klima-L\u00fcftung ESaK an. \u00a0 Wir [&hellip;]<\/p>\n","protected":false},"author":6,"featured_media":0,"parent":0,"menu_order":0,"comment_status":"open","ping_status":"closed","template":"elementor_header_footer","meta":{"site-sidebar-layout":"no-sidebar","site-content-layout":"page-builder","ast-site-content-layout":"full-width-container","site-content-style":"unboxed","site-sidebar-style":"unboxed","ast-global-header-display":"","ast-banner-title-visibility":"","ast-main-header-display":"","ast-hfb-above-header-display":"","ast-hfb-below-header-display":"","ast-hfb-mobile-header-display":"","site-post-title":"","ast-breadcrumbs-content":"","ast-featured-img":"disabled","footer-sml-layout":"","ast-disable-related-posts":"","theme-transparent-header-meta":"default","adv-header-id-meta":"","stick-header-meta":"","header-above-stick-meta":"","header-main-stick-meta":"","header-below-stick-meta":"","astra-migrate-meta-layouts":"set","ast-page-background-enabled":"default","ast-page-background-meta":{"desktop":{"background-color":"","background-image":"","background-repeat":"repeat","background-position":"center center","background-size":"auto","background-attachment":"scroll","background-type":"","background-media":"","overlay-type":"","overlay-color":"","overlay-opacity":"","overlay-gradient":""},"tablet":{"background-color":"","background-image":"","background-repeat":"repeat","background-position":"center center","background-size":"auto","background-attachment":"scroll","background-type":"","background-media":"","overlay-type":"","overlay-color":"","overlay-opacity":"","overlay-gradient":""},"mobile":{"background-color":"","background-image":"","background-repeat":"repeat","background-position":"center center","background-size":"auto","background-attachment":"scroll","background-type":"","background-media":"","overlay-type":"","overlay-color":"","overlay-opacity":"","overlay-gradient":""}},"ast-content-background-meta":{"desktop":{"background-color":"var(--ast-global-color-5)","background-image":"","background-repeat":"repeat","background-position":"center center","background-size":"auto","background-attachment":"scroll","background-type":"","background-media":"","overlay-type":"","overlay-color":"","overlay-opacity":"","overlay-gradient":""},"tablet":{"background-color":"var(--ast-global-color-5)","background-image":"","background-repeat":"repeat","background-position":"center center","background-size":"auto","background-attachment":"scroll","background-type":"","background-media":"","overlay-type":"","overlay-color":"","overlay-opacity":"","overlay-gradient":""},"mobile":{"background-color":"var(--ast-global-color-5)","background-image":"","background-repeat":"repeat","background-position":"center center","background-size":"auto","background-attachment":"scroll","background-type":"","background-media":"","overlay-type":"","overlay-color":"","overlay-opacity":"","overlay-gradient":""}},"footnotes":""},"class_list":["post-2686","page","type-page","status-publish","hentry"],"_links":{"self":[{"href":"https:\/\/brunnenkant.de\/en\/wp-json\/wp\/v2\/pages\/2686","targetHints":{"allow":["GET"]}}],"collection":[{"href":"https:\/\/brunnenkant.de\/en\/wp-json\/wp\/v2\/pages"}],"about":[{"href":"https:\/\/brunnenkant.de\/en\/wp-json\/wp\/v2\/types\/page"}],"author":[{"embeddable":true,"href":"https:\/\/brunnenkant.de\/en\/wp-json\/wp\/v2\/users\/6"}],"replies":[{"embeddable":true,"href":"https:\/\/brunnenkant.de\/en\/wp-json\/wp\/v2\/comments?post=2686"}],"version-history":[{"count":18,"href":"https:\/\/brunnenkant.de\/en\/wp-json\/wp\/v2\/pages\/2686\/revisions"}],"predecessor-version":[{"id":2744,"href":"https:\/\/brunnenkant.de\/en\/wp-json\/wp\/v2\/pages\/2686\/revisions\/2744"}],"wp:attachment":[{"href":"https:\/\/brunnenkant.de\/en\/wp-json\/wp\/v2\/media?parent=2686"}],"curies":[{"name":"wp","href":"https:\/\/api.w.org\/{rel}","templated":true}]}}